{"id":3209,"date":"2023-10-23T17:14:10","date_gmt":"2023-10-23T15:14:10","guid":{"rendered":"https:\/\/blog.silviobessone.it\/la-grande-cuisine-pour-votre-enfant\/"},"modified":"2023-10-23T17:16:34","modified_gmt":"2023-10-23T15:16:34","slug":"la-grande-cuisine-pour-votre-enfant","status":"publish","type":"page","link":"https:\/\/blog.silviobessone.it\/fr\/la-grande-cuisine-pour-votre-enfant\/","title":{"rendered":"La grande cuisine pour votre enfant"},"content":{"rendered":"<p>[et_pb_section fb_built=&#8221;1&#8243; background_color=&#8221;#3a2b1e&#8221; _builder_version=&#8221;3.0.47&#8243; custom_padding=&#8221;0px|0px|0px|0px&#8221;][et_pb_row _builder_version=&#8221;3.0.47&#8243; background_size=&#8221;initial&#8221; background_position=&#8221;top_left&#8221; background_repeat=&#8221;repeat&#8221; _i=&#8221;0&#8243; _address=&#8221;0.0&#8243;][et_pb_column type=&#8221;4_4&#8243; _builder_version=&#8221;3.0.47&#8243; parallax=&#8221;off&#8221; parallax_method=&#8221;on&#8221;][et_pb_image src=&#8221;https:\/\/blog.silviobessone.it\/wp-content\/uploads\/2016\/07\/logo.png&#8221; align=&#8221;center&#8221; _builder_version=&#8221;3.0.47&#8243; animation_style=&#8221;slide&#8221; animation_direction=&#8221;left&#8221; animation_duration=&#8221;500ms&#8221; animation_intensity_slide=&#8221;10%&#8221; _i=&#8221;0&#8243; _address=&#8221;0.0.0.0&#8243;][\/et_pb_image][\/et_pb_column][\/et_pb_row][\/et_pb_section][et_pb_section fb_built=&#8221;1&#8243; admin_label=&#8221;section&#8221; _builder_version=&#8221;3.0.47&#8243;][et_pb_row admin_label=&#8221;rang\u00e9e&#8221; _builder_version=&#8221;3.0.47&#8243; background_size=&#8221;initial&#8221; background_position=&#8221;top_left&#8221; background_repeat=&#8221;repeat&#8221; _i=&#8221;0&#8243; _address=&#8221;1.0&#8243;][et_pb_column type=&#8221;1_2&#8243; _builder_version=&#8221;3.0.47&#8243; parallax=&#8221;off&#8221; parallax_method=&#8221;on&#8221;][et_pb_text admin_label=&#8221;Presentazione&#8221; _builder_version=&#8221;3.0.83&#8243; text_font=&#8221;Lora||||&#8221; text_font_size=&#8221;16px&#8221; background_size=&#8221;initial&#8221; background_position=&#8221;top_left&#8221; background_repeat=&#8221;repeat&#8221; text_orientation=&#8221;justified&#8221; module_alignment=&#8221;justified&#8221;]<\/p>\n<p><strong>Joyeux anniversaire \u00e0 toutes les mamans !<\/strong><\/p>\n<p>Je profite de l&#8217;occasion pour vous informer que <strong>depuis le 12 avril, notre famille<\/strong> s&#8217;est agrandie ! <strong>Simona a donn\u00e9 naissance \u00e0 Leonardo<\/strong>, qui pesait 4,7 kg et qui est en excellente sant\u00e9 !<\/p>\n<p>Mery, Simona, Orlando, Syria et toute notre \u00e9quipe Mirco, Marilena, Paola, Marcello, Sadia et Diana sont tr\u00e8s fiers de partager la bonne nouvelle avec nos fans !<\/p>\n<p>Comme ce bouleversement familial va in\u00e9vitablement obliger Simona \u00e0 s&#8217;occuper de sa croissance, j&#8217;ai d\u00e9cid\u00e9 de partager avec elle toute mon exp\u00e9rience dans le domaine de l&#8217;alimentation.<\/p>\n<p>Comme vous le savez peut-\u00eatre, je me consacre \u00e0 l&#8217;alimentation depuis plus de 30 ans en tant que cuisinier, chef p\u00e2tissier et chocolatier, mais aussi en tant que scientifique ! Collaborer depuis des ann\u00e9es avec des instituts culinaires, des universit\u00e9s et des centres de formation alimentaire.<\/p>\n<p>J&#8217;ai d\u00e9cid\u00e9 de partager mes connaissances avec elle, de lui transmettre ces secrets qui ont permis \u00e0 ma famille d&#8217;\u00eatre appr\u00e9ci\u00e9e dans toute la r\u00e9gion de Cuneo en mati\u00e8re de cuisine.<\/p>\n<p>Les secrets de la bonne cuisine, les nouvelles techniques et les bases d&#8217;une alimentation saine sont \u00e0 port\u00e9e de main !<\/p>\n<p>&nbsp;<\/p>\n<p>[\/et_pb_text][et_pb_image src=&#8221;https:\/\/blog.silviobessone.it\/wp-content\/uploads\/2017\/05\/Simona-e-Leonardo.jpg&#8221; show_in_lightbox=&#8221;on&#8221; _builder_version=&#8221;3.0.47&#8243; animation_style=&#8221;slide&#8221; animation_direction=&#8221;left&#8221; animation_duration=&#8221;500ms&#8221; animation_intensity_slide=&#8221;10%&#8221; _i=&#8221;1&#8243; _address=&#8221;1.0.0.1&#8243;][\/et_pb_image][et_pb_text _builder_version=&#8221;3.0.47&#8243; text_font=&#8221;Lora||||&#8221; background_size=&#8221;initial&#8221; background_position=&#8221;top_left&#8221; background_repeat=&#8221;repeat&#8221; _i=&#8221;2&#8243; _address=&#8221;1.0.0.2&#8243;]<\/p>\n<p>Mais la joie que je ressens en ce moment en tant que GRAND-P\u00c8RE ! Il est si grand que j&#8217;ai pens\u00e9 en faire un cadeau \u00e0 toutes les m\u00e8res de la chocolaterie.<\/p>\n<p>J&#8217;ai produit un livre \u00e9lectronique gratuit que vous pouvez t\u00e9l\u00e9charger ou envoyer comme cadeau \u00e0 une personne dont vous savez qu&#8217;elle b\u00e9n\u00e9ficiera de mon travail et qu&#8217;elle apprendra quelque chose d&#8217;utile pour la croissance de son enfant ou de l&#8217;enfant \u00e0 na\u00eetre !<\/p>\n<p>Avec l&#8217;espoir sinc\u00e8re de vous avoir rendu service en partageant ce moment privil\u00e9gi\u00e9.<\/p>\n<p>[\/et_pb_text][\/et_pb_column][et_pb_column type=&#8221;1_2&#8243; _builder_version=&#8221;3.0.47&#8243; parallax=&#8221;off&#8221; parallax_method=&#8221;on&#8221;][et_pb_image src=&#8221;https:\/\/blog.silviobessone.it\/wp-content\/uploads\/2017\/05\/placeit.png&#8221; align=&#8221;center&#8221; _builder_version=&#8221;3.0.47&#8243; animation_style=&#8221;slide&#8221; animation_direction=&#8221;left&#8221; animation_duration=&#8221;500ms&#8221; animation_intensity_slide=&#8221;10%&#8221; _i=&#8221;0&#8243; _address=&#8221;1.0.1.0&#8243;][\/et_pb_image][et_pb_code _builder_version=&#8221;3.0.47&#8243;]&lt;form action=&#8221;https:\/\/www.silviobessone.it\/index.php?option=com_acymailing&amp;ctrl=sub&#8221; method=&#8221;post&#8221;&gt;&lt;!&#8211; [et_pb_line_break_holder] &#8211;&gt; &lt;table class=&#8221;acymailing_form&#8221;&gt;&lt;!&#8211; [et_pb_line_break_holder] &#8211;&gt; &lt;tr&gt;&lt;!&#8211; [et_pb_line_break_holder] &#8211;&gt; &lt;td&gt;&lt;label for=&#8221;user_name&#8221;&gt;Nom&lt;\/label&gt;&lt;\/td&gt;&lt;!&#8211; [et_pb_line_break_holder] &#8211;&gt; &lt;td&gt;&lt;input id=&#8221;user_name&#8221; type=&#8221;text&#8221; name=&#8221;user[name]&#8221; value=&#8221;&#8221; \/&gt;&lt;\/td&gt;&lt;!&#8211; [et_pb_line_break_holder] &#8211;&gt; &lt;\/tr&gt;&lt;!&#8211; [et_pb_line_break_holder] &#8211;&gt; &lt;tr&gt;&lt;!&#8211; [et_pb_line_break_holder] &#8211;&gt; &lt;td&gt;&lt;label for=&#8221;user_email&#8221;&gt;E-mail&lt;\/label&gt;&lt;\/td&gt;&lt;!&#8211; [et_pb_line_break_holder] &#8211;&gt; &lt;td&gt;&lt;input id=&#8221;user_email&#8221; type=&#8221;text&#8221; name=&#8221;user[email]&#8221; value=&#8221;&#8221; \/&gt;&lt;\/td&gt;&lt;!&#8211; [et_pb_line_break_holder] &#8211;&gt; &lt;\/tr&gt;&lt;!&#8211; [et_pb_line_break_holder] &#8211;&gt;&lt;tr&gt;&lt;!&#8211; [et_pb_line_break_holder] &#8211;&gt;&lt;td&gt;&lt;img class=&#8221;captchaimagemodule&#8221; src=&#8221;http:\/\/www.silviobessone.it\/index.php?option=com_acymailing&amp;ctrl=captcha&amp;acyformname=formAcymailing1&amp;val=5753&#8243; alt=&#8221;captcha&#8221; id=&#8221;captcha_picture&#8221; \/&gt; &lt;\/td&gt;&lt;!&#8211; [et_pb_line_break_holder] &#8211;&gt;&lt;td&gt; &lt;input id=&#8221;user_captcha_formAcymailing1&#8243; class=&#8221;inputbox captchafield&#8221; type=&#8221;text&#8221; name=&#8221;acycaptcha&#8221; size=&#8221;5&#8243; \/&gt; &lt;\/td&gt;&lt;!&#8211; [et_pb_line_break_holder] &#8211;&gt;&lt;\/tr&gt;&lt;!&#8211; [et_pb_line_break_holder] &#8211;&gt; &lt;tr&gt;&lt;!&#8211; [et_pb_line_break_holder] &#8211;&gt; &lt;td colspan=&#8221;2&#8243;  &gt;&lt;input class=&#8221;button&#8221; type=&#8221;submit&#8221; value=&#8221;Request e-book&#8221; name=&#8221;Submit&#8221; \/&gt;&lt;\/td&gt;&lt;!&#8211; [et_pb_line_break_holder] &#8211;&gt; &lt;\/tr&gt;&lt;!&#8211; [et_pb_line_break_holder] &#8211;&gt; &lt;\/table&gt;&lt;!&#8211; [et_pb_line_break_holder] &#8211;&gt; &lt;input type=&#8221;hidden&#8221; name=&#8221;user[html]&#8221; value=&#8221;1&#8243; id=&#8221;user_html_1&#8243;  &gt;&lt;!&#8211; [et_pb_line_break_holder] &#8211;&gt; &lt;input type=&#8221;hidden&#8221; name=&#8221;acyformname&#8221; value=&#8221;formAcymailing1&#8243; \/&gt;&lt;!&#8211; [et_pb_line_break_holder] &#8211;&gt; &lt;input type=&#8221;hidden&#8221; name=&#8221;ctrl&#8221; value=&#8221;sub&#8221;\/&gt;&lt;!&#8211; [et_pb_line_break_holder] &#8211;&gt; &lt;input type=&#8221;hidden&#8221; name=&#8221;task&#8221; value=&#8221;optin&#8221;\/&gt;&lt;!&#8211; [et_pb_line_break_holder] &#8211;&gt; &lt;input type=&#8221;hidden&#8221; name=&#8221;redirect&#8221; value=&#8221;https:\/\/blog.silviobessone.it\/conferma-partecipazione\/&#8221;\/&gt;&lt;!&#8211; [et_pb_line_break_holder] &#8211;&gt; &lt;input type=&#8221;hidden&#8221; name=&#8221;option&#8221; value=&#8221;com_acymailing&#8221;\/&gt;&lt;!&#8211; [et_pb_line_break_holder] &#8211;&gt; &lt;input type=&#8221;hidden&#8221; name=&#8221;visiblelists&#8221; value=&#8221;&#8221;\/&gt;&lt;!&#8211; [et_pb_line_break_holder] &#8211;&gt; &lt;input type=&#8221;hidden&#8221; name=&#8221;hiddenlists&#8221; value=&#8221;14&#8243;\/&gt;&lt;!&#8211; [et_pb_line_break_holder] &#8211;&gt; &lt;\/formulaire&gt;[\/et_pb_code][\/et_pb_column][\/et_pb_row][\/et_pb_section]<\/p>\n","protected":false},"excerpt":{"rendered":"<p>Joyeux anniversaire \u00e0 toutes les mamans ! Je profite de l&#8217;occasion pour vous informer que depuis le 12 avril, notre famille s&#8217;est agrandie ! Simona a donn\u00e9 naissance \u00e0 Leonardo, qui pesait 4,7 kg et qui est en excellente sant\u00e9 ! Mery, Simona, Orlando, Syria et toute notre \u00e9quipe Mirco, Marilena, Paola, Marcello, Sadia et [&hellip;]<\/p>\n","protected":false},"author":2,"featured_media":919,"parent":0,"menu_order":0,"comment_status":"closed","ping_status":"closed","template":"page-template-blank.php","meta":{"_et_pb_use_builder":"on","_et_pb_old_content":"","_et_gb_content_width":"","footnotes":""},"yst_prominent_words":[],"class_list":["post-3209","page","type-page","status-publish","has-post-thumbnail","hentry"],"_links":{"self":[{"href":"https:\/\/blog.silviobessone.it\/fr\/wp-json\/wp\/v2\/pages\/3209","targetHints":{"allow":["GET"]}}],"collection":[{"href":"https:\/\/blog.silviobessone.it\/fr\/wp-json\/wp\/v2\/pages"}],"about":[{"href":"https:\/\/blog.silviobessone.it\/fr\/wp-json\/wp\/v2\/types\/page"}],"author":[{"embeddable":true,"href":"https:\/\/blog.silviobessone.it\/fr\/wp-json\/wp\/v2\/users\/2"}],"replies":[{"embeddable":true,"href":"https:\/\/blog.silviobessone.it\/fr\/wp-json\/wp\/v2\/comments?post=3209"}],"version-history":[{"count":6,"href":"https:\/\/blog.silviobessone.it\/fr\/wp-json\/wp\/v2\/pages\/3209\/revisions"}],"predecessor-version":[{"id":3334,"href":"https:\/\/blog.silviobessone.it\/fr\/wp-json\/wp\/v2\/pages\/3209\/revisions\/3334"}],"wp:featuredmedia":[{"embeddable":true,"href":"https:\/\/blog.silviobessone.it\/fr\/wp-json\/wp\/v2\/media\/919"}],"wp:attachment":[{"href":"https:\/\/blog.silviobessone.it\/fr\/wp-json\/wp\/v2\/media?parent=3209"}],"wp:term":[{"taxonomy":"yst_prominent_words","embeddable":true,"href":"https:\/\/blog.silviobessone.it\/fr\/wp-json\/wp\/v2\/yst_prominent_words?post=3209"}],"curies":[{"name":"wp","href":"https:\/\/api.w.org\/{rel}","templated":true}]}}