{"id":3169,"date":"2023-10-23T17:13:35","date_gmt":"2023-10-23T15:13:35","guid":{"rendered":"https:\/\/blog.silviobessone.it\/la-gran-cocina-para-su-hijo\/"},"modified":"2023-10-23T17:16:33","modified_gmt":"2023-10-23T15:16:33","slug":"la-gran-cocina-para-su-hijo","status":"publish","type":"page","link":"https:\/\/blog.silviobessone.it\/es\/la-gran-cocina-para-su-hijo\/","title":{"rendered":"La gran cocina para su hijo"},"content":{"rendered":"<p>[et_pb_section fb_built=&#8221;1&#8243; background_color=&#8221;#3a2b1e&#8221; _builder_version=&#8221;3.0.47&#8243; custom_padding=&#8221;0px|0px|0px|0px&#8221;][et_pb_row _builder_version=&#8221;3.0.47&#8243; background_size=&#8221;initial&#8221; background_position=&#8221;top_left&#8221; background_repeat=&#8221;repeat&#8221; _i=&#8221;0&#8243; _address=&#8221;0.0&#8243;][et_pb_column type=&#8221;4_4&#8243; _builder_version=&#8221;3.0.47&#8243; parallax=&#8221;off&#8221; parallax_method=&#8221;on&#8221;][et_pb_image src=&#8221;https:\/\/blog.silviobessone.it\/wp-content\/uploads\/2016\/07\/logo.png&#8221; align=&#8221;center&#8221; _builder_version=&#8221;3.0.47&#8243; animation_style=&#8221;slide&#8221; animation_direction=&#8221;left&#8221; animation_duration=&#8221;500ms&#8221; animation_intensity_slide=&#8221;10%&#8221; _i=&#8221;0&#8243; _address=&#8221;0.0.0.0&#8243;][\/et_pb_image][\/et_pb_column][\/et_pb_row][\/et_pb_section][et_pb_section fb_built=&#8221;1&#8243; admin_label=&#8221;section&#8221; _builder_version=&#8221;3.0.47&#8243;][et_pb_row admin_label=&#8221;fila&#8221; _builder_version=&#8221;3.0.47&#8243; background_size=&#8221;initial&#8221; background_position=&#8221;top_left&#8221; background_repeat=&#8221;repeat&#8221; _i=&#8221;0&#8243; _address=&#8221;1.0&#8243;][et_pb_column type=&#8221;1_2&#8243; _builder_version=&#8221;3.0.47&#8243; parallax=&#8221;off&#8221; parallax_method=&#8221;on&#8221;][et_pb_text admin_label=&#8221;Presentazione&#8221; _builder_version=&#8221;3.0.83&#8243; text_font=&#8221;Lora||||&#8221; text_font_size=&#8221;16px&#8221; background_size=&#8221;initial&#8221; background_position=&#8221;top_left&#8221; background_repeat=&#8221;repeat&#8221; text_orientation=&#8221;justified&#8221; module_alignment=&#8221;justified&#8221;]<\/p>\n<p><strong>\u00a1Feliz cumplea\u00f1os a todas las mam\u00e1s!<\/strong><\/p>\n<p>\u00a1Aprovecho la ocasi\u00f3n para comunicaros que <strong>desde el 12 de abril nuestra familia se ha hecho m\u00e1s grande<\/strong>! <strong>Simona dio a luz a Leonardo<\/strong>, que pes\u00f3 4,7 kg, y ambos gozan de una salud excelente.<\/p>\n<p>\u00a1Mery, Simona, Orlando, Siria y todo nuestro personal Mirco, Marilena, Paola, Marcello, Sadia y Diana est\u00e1n realmente orgullosos de compartir las buenas noticias con nuestros Fans!<\/p>\n<p>Como este trastorno familiar obligar\u00e1 inevitablemente a Simona a ocuparse de su crecimiento, decid\u00ed compartir con ella toda mi experiencia en el campo de la alimentaci\u00f3n.<\/p>\n<p>Como ya sabr\u00e1n y habr\u00e1n experimentado, llevo m\u00e1s de 30 a\u00f1os dedicada a la alimentaci\u00f3n como cocinera-pastelera-chocolatera, \u00a1pero tambi\u00e9n como cient\u00edfica! Colaborando desde hace a\u00f1os con institutos culinarios Universidades y centros de formaci\u00f3n alimentaria.<\/p>\n<p>Decid\u00ed compartir mis conocimientos con ella, transmitirle esos secretos que han permitido que mi familia sea apreciada en toda la zona de Cuneo en lo que a cocina se refiere.<\/p>\n<p>Todos los secretos de la buena cocina, las nuevas t\u00e9cnicas y los fundamentos de la alimentaci\u00f3n sana al alcance de su mano.<\/p>\n<p>&nbsp;<\/p>\n<p>[\/et_pb_text][et_pb_image src=&#8221;https:\/\/blog.silviobessone.it\/wp-content\/uploads\/2017\/05\/Simona-e-Leonardo.jpg&#8221; show_in_lightbox=&#8221;on&#8221; _builder_version=&#8221;3.0.47&#8243; animation_style=&#8221;slide&#8221; animation_direction=&#8221;left&#8221; animation_duration=&#8221;500ms&#8221; animation_intensity_slide=&#8221;10%&#8221; _i=&#8221;1&#8243; _address=&#8221;1.0.0.1&#8243;][\/et_pb_image][et_pb_text _builder_version=&#8221;3.0.47&#8243; text_font=&#8221;Lora||||&#8221; background_size=&#8221;initial&#8221; background_position=&#8221;top_left&#8221; background_repeat=&#8221;repeat&#8221; _i=&#8221;2&#8243; _address=&#8221;1.0.0.2&#8243;]<\/p>\n<p>\u00a1Pero la alegr\u00eda que siento ahora mismo como ABUELO! Es tan grande que he pensado regal\u00e1rselo a todas las madres de la f\u00e1brica de chocolate.<\/p>\n<p>\u00a1He producido un E-libro gratuito que puedes descargar, o enviar como regalo a una persona que sabes que se beneficiar\u00e1 de mi trabajo y puede aprender algo \u00fatil para el crecimiento de su hijo o hijo por nacer!<\/p>\n<p>Con la sincera esperanza de haberle hecho un favor al compartir este momento tan especial.<\/p>\n<p>[\/et_pb_text][\/et_pb_column][et_pb_column type=&#8221;1_2&#8243; _builder_version=&#8221;3.0.47&#8243; parallax=&#8221;off&#8221; parallax_method=&#8221;on&#8221;][et_pb_image src=&#8221;https:\/\/blog.silviobessone.it\/wp-content\/uploads\/2017\/05\/placeit.png&#8221; align=&#8221;center&#8221; _builder_version=&#8221;3.0.47&#8243; animation_style=&#8221;slide&#8221; animation_direction=&#8221;left&#8221; animation_duration=&#8221;500ms&#8221; animation_intensity_slide=&#8221;10%&#8221; _i=&#8221;0&#8243; _address=&#8221;1.0.1.0&#8243;][\/et_pb_image][et_pb_code _builder_version=&#8221;3.0.47&#8243;]&lt;form action=&#8221;https:\/\/www.silviobessone.it\/index.php?option=com_acymailing&amp;ctrl=sub&#8221; method=&#8221;post&#8221;&gt;&lt;!&#8211; [et_pb_line_break_holder] &#8211;&gt; &lt;table class=&#8221;acymailing_form&#8221;&gt;&lt;!&#8211; [et_pb_line_break_holder] &#8211;&gt; &lt;tr&gt;&lt;!&#8211; [et_pb_line_break_holder] &#8211;&gt; &lt;td&gt;&lt;label for=&#8221;nombre_usuario&#8221;&gt;Nombre&lt;\/label&gt;&lt;\/td&gt;&lt;!&#8211; [et_pb_line_break_holder] &#8211;&gt; &lt;td&gt;&lt;input id=&#8221;nombre_usuario&#8221; type=&#8221;text&#8221; name=&#8221;usuario[name]&#8221; value=&#8221;&#8221; \/&gt;&lt;\/td&gt;&lt;[et_pb_line_break_holder]&gt; &lt; \/tr&gt;&lt;!&#8211; [et_pb_line_break_holder] &#8211;&gt; &lt;tr&gt;&lt;!&#8211; [et_pb_line_break_holder] &#8211;&gt; &lt;td&gt;&lt;label for=&#8221;user_email&#8221;&gt;Correo electr\u00f3nico&lt;\/label&gt;&lt;\/td&gt;&lt;!&#8211; [et_pb_line_break_holder] &#8211;&gt; &lt;td&gt;&lt;input id=&#8221;user_email&#8221; type=&#8221;text&#8221; name=&#8221;usuario[email]&#8221; value=&#8221;&#8221; \/&gt;&lt;\/td&gt;&lt;[et_pb_line_break_holder]&gt; &lt; \/tr&gt;&lt;[et_pb_line_break_holder]&gt;&lt;tr&gt;&lt;[et_pb_line_break_holder]&gt;&lt;td&gt;&lt;img class=&#8221;captchaimagemodule&#8221; src=&#8221;http:\/\/www.silviobessone.it\/index.php?option=com_acymailing&amp;ctrl=captcha&amp;acyformname=formAcymailing1&amp;val=5753&#8243; alt=&#8221;captcha&#8221; id=&#8221;captcha_picture&#8221; \/&gt; &lt;\/td&gt;&lt;[et_pb_line_break_holder]&gt;&lt;td&gt; &lt;input id=&#8221;user_captcha_formAcymailing1&#8243; class=&#8221;inputbox captchafield&#8221; type=&#8221;text&#8221; name=&#8221;acycaptcha&#8221; size=&#8221;5&#8243; \/&gt; &lt;\/td&gt;&lt;[et_pb_line_break_holder]&gt;&lt;\/tr&gt;&lt;!&#8211; [et_pb_line_break_holder] &#8211;&gt; &lt;tr&gt;&lt;!&#8211; [et_pb_line_break_holder] &#8211;&gt; &lt;td colspan=&#8221;2&#8243;  &gt;&lt;input class=&#8221;button&#8221; type=&#8221;submit&#8221; value=&#8221;Solicitar libro electr\u00f3nico&#8221; name=&#8221;Enviar&#8221; \/&gt;&lt;\/td&gt;&lt;[et_pb_line_break_holder]&gt; &lt; \/tr&gt;&lt;[et_pb_line_break_holder]&gt; &lt; \/tabla&gt;&lt;!&#8211; [et_pb_line_break_holder] &#8211;&gt; &lt;input type=&#8221;hidden&#8221; name=&#8221;user[html]&#8221; value=&#8221;1&#8243; id=&#8221;user_html_1&#8243;  &gt;&lt;!&#8211; [et_pb_line_break_holder] &#8211;&gt; &lt;input type=&#8221;hidden&#8221; name=&#8221;acyformname&#8221; value=&#8221;formAcymailing1&#8243; \/&gt;&lt;!&#8211; [et_pb_line_break_holder] &#8211;&gt; &lt;input type=&#8221;hidden&#8221; name=&#8221;ctrl&#8221; value=&#8221;sub&#8221;\/&gt;&lt;!&#8211; [et_pb_line_break_holder] &#8211;&gt; &lt;input type=&#8221;hidden&#8221; name=&#8221;task&#8221; value=&#8221;optin&#8221;\/&gt;&lt;!&#8211; [et_pb_line_break_holder] &#8211;&gt; &lt;input type=&#8221;hidden&#8221; name=&#8221;redirect&#8221; value=&#8221;https:\/\/blog.silviobessone.it\/conferma-partecipazione\/&#8221;\/&gt;&lt;!&#8211; [et_pb_line_break_holder] &#8211;&gt; &lt;input type=&#8221;hidden&#8221; name=&#8221;option&#8221; value=&#8221;com_acymailing&#8221;\/&gt;&lt;!&#8211; [et_pb_line_break_holder] &#8211;&gt; &lt;input type=&#8221;hidden&#8221; name=&#8221;visiblelists&#8221; value=&#8221;&#8221;\/&gt;&lt;!&#8211; [et_pb_line_break_holder] &#8211;&gt; &lt;input type=&#8221;hidden&#8221; name=&#8221;hiddenlists&#8221; value=&#8221;14&#8243;\/&gt;&lt;!&#8211; [et_pb_line_break_holder] &#8211;&gt; &lt;\/form&gt;[\/et_pb_code][\/et_pb_column][\/et_pb_row][\/et_pb_section]<\/p>\n","protected":false},"excerpt":{"rendered":"<p>\u00a1Feliz cumplea\u00f1os a todas las mam\u00e1s! \u00a1Aprovecho la ocasi\u00f3n para comunicaros que desde el 12 de abril nuestra familia se ha hecho m\u00e1s grande! Simona dio a luz a Leonardo, que pes\u00f3 4,7 kg, y ambos gozan de una salud excelente. \u00a1Mery, Simona, Orlando, Siria y todo nuestro personal Mirco, Marilena, Paola, Marcello, Sadia y [&hellip;]<\/p>\n","protected":false},"author":2,"featured_media":921,"parent":0,"menu_order":0,"comment_status":"closed","ping_status":"closed","template":"page-template-blank.php","meta":{"_et_pb_use_builder":"on","_et_pb_old_content":"","_et_gb_content_width":"","footnotes":""},"yst_prominent_words":[],"class_list":["post-3169","page","type-page","status-publish","has-post-thumbnail","hentry"],"_links":{"self":[{"href":"https:\/\/blog.silviobessone.it\/es\/wp-json\/wp\/v2\/pages\/3169","targetHints":{"allow":["GET"]}}],"collection":[{"href":"https:\/\/blog.silviobessone.it\/es\/wp-json\/wp\/v2\/pages"}],"about":[{"href":"https:\/\/blog.silviobessone.it\/es\/wp-json\/wp\/v2\/types\/page"}],"author":[{"embeddable":true,"href":"https:\/\/blog.silviobessone.it\/es\/wp-json\/wp\/v2\/users\/2"}],"replies":[{"embeddable":true,"href":"https:\/\/blog.silviobessone.it\/es\/wp-json\/wp\/v2\/comments?post=3169"}],"version-history":[{"count":8,"href":"https:\/\/blog.silviobessone.it\/es\/wp-json\/wp\/v2\/pages\/3169\/revisions"}],"predecessor-version":[{"id":3333,"href":"https:\/\/blog.silviobessone.it\/es\/wp-json\/wp\/v2\/pages\/3169\/revisions\/3333"}],"wp:featuredmedia":[{"embeddable":true,"href":"https:\/\/blog.silviobessone.it\/es\/wp-json\/wp\/v2\/media\/921"}],"wp:attachment":[{"href":"https:\/\/blog.silviobessone.it\/es\/wp-json\/wp\/v2\/media?parent=3169"}],"wp:term":[{"taxonomy":"yst_prominent_words","embeddable":true,"href":"https:\/\/blog.silviobessone.it\/es\/wp-json\/wp\/v2\/yst_prominent_words?post=3169"}],"curies":[{"name":"wp","href":"https:\/\/api.w.org\/{rel}","templated":true}]}}